{"id":273,"date":"2020-08-25T04:48:24","date_gmt":"2020-08-25T04:48:24","guid":{"rendered":"https:\/\/www.individuell-beraten.at\/?page_id=273"},"modified":"2024-11-21T10:43:21","modified_gmt":"2024-11-21T09:43:21","slug":"kontakt","status":"publish","type":"page","link":"https:\/\/www.individuell-beraten.at\/index.php\/kontakt\/","title":{"rendered":"Kontakt"},"content":{"rendered":"<section>\n<h2 style=\"text-align: center;\">Kontakt<\/h2>\n<\/section>\n<p><img decoding=\"async\" class=\"aligncenter\" title=\"Mag. Angelina Deutsch\" src=\"https:\/\/www.individuell-beraten.at\/wp-content\/uploads\/elementor\/thumbs\/AD_Website_Kontakt_12_2023_rounded-qn3nmlkqq88j1f47adm0iiac4w5zedik8e3b8hmxeo.jpg\" alt=\"Mag. Angelina Deutsch\" \/><\/p>\n<p style=\"text-align: center;\"><strong>Organisationsentwicklung, Design Thinking, Nachhaltigkeitsstrategien, Projektmanagement. <\/strong><\/p>\n<p style=\"text-align: center;\"><strong>Ich bin gerne f\u00fcr Sie da und freue mich auf das Gespr\u00e4ch mit Ihnen.<\/strong><\/p>\n<p style=\"text-align: center;\"><strong>Mag. Angelina Deutsch MBA<\/strong><br \/>\nB\u00fcro f\u00fcr Kommunikation + Unternehmensentwicklung<\/p>\n<p style=\"text-align: center;\">Gauermanngasse 37<br \/>\n2700 Wiener Neustadt<\/p>\n<p style=\"text-align: center;\">\u00d6sterreich<\/p>\n<p style=\"text-align: center;\"><a style=\"color: #000000;\" href=\"tel:+43 (664) 5960811\">+43 (664) 5960811<\/a><\/p>\n<p style=\"text-align: center;\"><a style=\"color: #000000;\" href=\"mailto:ad@individuell-beraten.at\">ad@individuell-beraten.at<\/a><\/p>\n","protected":false},"excerpt":{"rendered":"<p>Kontakt Organisationsentwicklung, Design Thinking, Nachhaltigkeitsstrategien, Projektmanagement. Ich bin gerne f\u00fcr Sie da und freue mich auf das Gespr\u00e4ch mit Ihnen. Mag. Angelina Deutsch MBA B\u00fcro f\u00fcr Kommunikation + Unternehmensentwicklung Gauermanngasse 37 2700 Wiener Neustadt \u00d6sterreich +43 (664) 5960811 ad@individuell-beraten.at<\/p>\n","protected":false},"author":2,"featured_media":0,"parent":0,"menu_order":0,"comment_status":"closed","ping_status":"closed","template":"","meta":{"footnotes":""},"class_list":["post-273","page","type-page","status-publish","hentry"],"yoast_head":"<!-- This site is optimized with the Yoast SEO plugin v26.7 - https:\/\/yoast.com\/wordpress\/plugins\/seo\/ -->\n<title>Kontakt - Individuell beraten<\/title>\n<meta name=\"robots\" content=\"index, follow, max-snippet:-1, max-image-preview:large, max-video-preview:-1\" \/>\n<link rel=\"canonical\" href=\"https:\/\/www.individuell-beraten.at\/index.php\/kontakt\/\" \/>\n<meta property=\"og:locale\" content=\"de_DE\" \/>\n<meta property=\"og:type\" content=\"article\" \/>\n<meta property=\"og:title\" content=\"Kontakt - Individuell beraten\" \/>\n<meta property=\"og:description\" content=\"Kontakt Organisationsentwicklung, Design Thinking, Nachhaltigkeitsstrategien, Projektmanagement. Ich bin gerne f\u00fcr Sie da und freue mich auf das Gespr\u00e4ch mit Ihnen. Mag. Angelina Deutsch MBA B\u00fcro f\u00fcr Kommunikation + Unternehmensentwicklung Gauermanngasse 37 2700 Wiener Neustadt \u00d6sterreich +43 (664) 5960811 ad@individuell-beraten.at\" \/>\n<meta property=\"og:url\" content=\"https:\/\/www.individuell-beraten.at\/index.php\/kontakt\/\" \/>\n<meta property=\"og:site_name\" content=\"Individuell beraten\" \/>\n<meta property=\"article:modified_time\" content=\"2024-11-21T09:43:21+00:00\" \/>\n<meta property=\"og:image\" content=\"https:\/\/www.individuell-beraten.at\/wp-content\/uploads\/elementor\/thumbs\/AD_Website_Kontakt_12_2023_rounded-qn3nmlkqq88j1f47adm0iiac4w5zedik8e3b8hmxeo.jpg\" \/>\n<meta name=\"twitter:card\" content=\"summary_large_image\" \/>\n<meta name=\"twitter:label1\" content=\"Gesch\u00e4tzte Lesezeit\" \/>\n\t<meta name=\"twitter:data1\" content=\"1\u00a0Minute\" \/>\n<script type=\"application\/ld+json\" class=\"yoast-schema-graph\">{\"@context\":\"https:\/\/schema.org\",\"@graph\":[{\"@type\":\"WebPage\",\"@id\":\"https:\/\/www.individuell-beraten.at\/index.php\/kontakt\/\",\"url\":\"https:\/\/www.individuell-beraten.at\/index.php\/kontakt\/\",\"name\":\"Kontakt - Individuell beraten\",\"isPartOf\":{\"@id\":\"https:\/\/www.individuell-beraten.at\/#website\"},\"primaryImageOfPage\":{\"@id\":\"https:\/\/www.individuell-beraten.at\/index.php\/kontakt\/#primaryimage\"},\"image\":{\"@id\":\"https:\/\/www.individuell-beraten.at\/index.php\/kontakt\/#primaryimage\"},\"thumbnailUrl\":\"https:\/\/www.individuell-beraten.at\/wp-content\/uploads\/elementor\/thumbs\/AD_Website_Kontakt_12_2023_rounded-qn3nmlkqq88j1f47adm0iiac4w5zedik8e3b8hmxeo.jpg\",\"datePublished\":\"2020-08-25T04:48:24+00:00\",\"dateModified\":\"2024-11-21T09:43:21+00:00\",\"breadcrumb\":{\"@id\":\"https:\/\/www.individuell-beraten.at\/index.php\/kontakt\/#breadcrumb\"},\"inLanguage\":\"de\",\"potentialAction\":[{\"@type\":\"ReadAction\",\"target\":[\"https:\/\/www.individuell-beraten.at\/index.php\/kontakt\/\"]}]},{\"@type\":\"ImageObject\",\"inLanguage\":\"de\",\"@id\":\"https:\/\/www.individuell-beraten.at\/index.php\/kontakt\/#primaryimage\",\"url\":\"https:\/\/www.individuell-beraten.at\/wp-content\/uploads\/elementor\/thumbs\/AD_Website_Kontakt_12_2023_rounded-qn3nmlkqq88j1f47adm0iiac4w5zedik8e3b8hmxeo.jpg\",\"contentUrl\":\"https:\/\/www.individuell-beraten.at\/wp-content\/uploads\/elementor\/thumbs\/AD_Website_Kontakt_12_2023_rounded-qn3nmlkqq88j1f47adm0iiac4w5zedik8e3b8hmxeo.jpg\"},{\"@type\":\"BreadcrumbList\",\"@id\":\"https:\/\/www.individuell-beraten.at\/index.php\/kontakt\/#breadcrumb\",\"itemListElement\":[{\"@type\":\"ListItem\",\"position\":1,\"name\":\"Home\",\"item\":\"https:\/\/www.individuell-beraten.at\/\"},{\"@type\":\"ListItem\",\"position\":2,\"name\":\"Kontakt\"}]},{\"@type\":\"WebSite\",\"@id\":\"https:\/\/www.individuell-beraten.at\/#website\",\"url\":\"https:\/\/www.individuell-beraten.at\/\",\"name\":\"Individuell beraten\",\"description\":\"B\u00fcro f\u00fcr Kommunikation und Unternehmensentwicklung\",\"publisher\":{\"@id\":\"https:\/\/www.individuell-beraten.at\/#organization\"},\"potentialAction\":[{\"@type\":\"SearchAction\",\"target\":{\"@type\":\"EntryPoint\",\"urlTemplate\":\"https:\/\/www.individuell-beraten.at\/?s={search_term_string}\"},\"query-input\":{\"@type\":\"PropertyValueSpecification\",\"valueRequired\":true,\"valueName\":\"search_term_string\"}}],\"inLanguage\":\"de\"},{\"@type\":\"Organization\",\"@id\":\"https:\/\/www.individuell-beraten.at\/#organization\",\"name\":\"Individuell beraten\",\"url\":\"https:\/\/www.individuell-beraten.at\/\",\"logo\":{\"@type\":\"ImageObject\",\"inLanguage\":\"de\",\"@id\":\"https:\/\/www.individuell-beraten.at\/#\/schema\/logo\/image\/\",\"url\":\"https:\/\/www.individuell-beraten.at\/wp-content\/uploads\/2020\/08\/logo_AD.png\",\"contentUrl\":\"https:\/\/www.individuell-beraten.at\/wp-content\/uploads\/2020\/08\/logo_AD.png\",\"width\":500,\"height\":89,\"caption\":\"Individuell beraten\"},\"image\":{\"@id\":\"https:\/\/www.individuell-beraten.at\/#\/schema\/logo\/image\/\"}}]}<\/script>\n<!-- \/ Yoast SEO plugin. -->","yoast_head_json":{"title":"Kontakt - Individuell beraten","robots":{"index":"index","follow":"follow","max-snippet":"max-snippet:-1","max-image-preview":"max-image-preview:large","max-video-preview":"max-video-preview:-1"},"canonical":"https:\/\/www.individuell-beraten.at\/index.php\/kontakt\/","og_locale":"de_DE","og_type":"article","og_title":"Kontakt - Individuell beraten","og_description":"Kontakt Organisationsentwicklung, Design Thinking, Nachhaltigkeitsstrategien, Projektmanagement. Ich bin gerne f\u00fcr Sie da und freue mich auf das Gespr\u00e4ch mit Ihnen. Mag. Angelina Deutsch MBA B\u00fcro f\u00fcr Kommunikation + Unternehmensentwicklung Gauermanngasse 37 2700 Wiener Neustadt \u00d6sterreich +43 (664) 5960811 ad@individuell-beraten.at","og_url":"https:\/\/www.individuell-beraten.at\/index.php\/kontakt\/","og_site_name":"Individuell beraten","article_modified_time":"2024-11-21T09:43:21+00:00","og_image":[{"url":"https:\/\/www.individuell-beraten.at\/wp-content\/uploads\/elementor\/thumbs\/AD_Website_Kontakt_12_2023_rounded-qn3nmlkqq88j1f47adm0iiac4w5zedik8e3b8hmxeo.jpg","type":"","width":"","height":""}],"twitter_card":"summary_large_image","twitter_misc":{"Gesch\u00e4tzte Lesezeit":"1\u00a0Minute"},"schema":{"@context":"https:\/\/schema.org","@graph":[{"@type":"WebPage","@id":"https:\/\/www.individuell-beraten.at\/index.php\/kontakt\/","url":"https:\/\/www.individuell-beraten.at\/index.php\/kontakt\/","name":"Kontakt - Individuell beraten","isPartOf":{"@id":"https:\/\/www.individuell-beraten.at\/#website"},"primaryImageOfPage":{"@id":"https:\/\/www.individuell-beraten.at\/index.php\/kontakt\/#primaryimage"},"image":{"@id":"https:\/\/www.individuell-beraten.at\/index.php\/kontakt\/#primaryimage"},"thumbnailUrl":"https:\/\/www.individuell-beraten.at\/wp-content\/uploads\/elementor\/thumbs\/AD_Website_Kontakt_12_2023_rounded-qn3nmlkqq88j1f47adm0iiac4w5zedik8e3b8hmxeo.jpg","datePublished":"2020-08-25T04:48:24+00:00","dateModified":"2024-11-21T09:43:21+00:00","breadcrumb":{"@id":"https:\/\/www.individuell-beraten.at\/index.php\/kontakt\/#breadcrumb"},"inLanguage":"de","potentialAction":[{"@type":"ReadAction","target":["https:\/\/www.individuell-beraten.at\/index.php\/kontakt\/"]}]},{"@type":"ImageObject","inLanguage":"de","@id":"https:\/\/www.individuell-beraten.at\/index.php\/kontakt\/#primaryimage","url":"https:\/\/www.individuell-beraten.at\/wp-content\/uploads\/elementor\/thumbs\/AD_Website_Kontakt_12_2023_rounded-qn3nmlkqq88j1f47adm0iiac4w5zedik8e3b8hmxeo.jpg","contentUrl":"https:\/\/www.individuell-beraten.at\/wp-content\/uploads\/elementor\/thumbs\/AD_Website_Kontakt_12_2023_rounded-qn3nmlkqq88j1f47adm0iiac4w5zedik8e3b8hmxeo.jpg"},{"@type":"BreadcrumbList","@id":"https:\/\/www.individuell-beraten.at\/index.php\/kontakt\/#breadcrumb","itemListElement":[{"@type":"ListItem","position":1,"name":"Home","item":"https:\/\/www.individuell-beraten.at\/"},{"@type":"ListItem","position":2,"name":"Kontakt"}]},{"@type":"WebSite","@id":"https:\/\/www.individuell-beraten.at\/#website","url":"https:\/\/www.individuell-beraten.at\/","name":"Individuell beraten","description":"B\u00fcro f\u00fcr Kommunikation und Unternehmensentwicklung","publisher":{"@id":"https:\/\/www.individuell-beraten.at\/#organization"},"potentialAction":[{"@type":"SearchAction","target":{"@type":"EntryPoint","urlTemplate":"https:\/\/www.individuell-beraten.at\/?s={search_term_string}"},"query-input":{"@type":"PropertyValueSpecification","valueRequired":true,"valueName":"search_term_string"}}],"inLanguage":"de"},{"@type":"Organization","@id":"https:\/\/www.individuell-beraten.at\/#organization","name":"Individuell beraten","url":"https:\/\/www.individuell-beraten.at\/","logo":{"@type":"ImageObject","inLanguage":"de","@id":"https:\/\/www.individuell-beraten.at\/#\/schema\/logo\/image\/","url":"https:\/\/www.individuell-beraten.at\/wp-content\/uploads\/2020\/08\/logo_AD.png","contentUrl":"https:\/\/www.individuell-beraten.at\/wp-content\/uploads\/2020\/08\/logo_AD.png","width":500,"height":89,"caption":"Individuell beraten"},"image":{"@id":"https:\/\/www.individuell-beraten.at\/#\/schema\/logo\/image\/"}}]}},"jetpack_sharing_enabled":true,"_links":{"self":[{"href":"https:\/\/www.individuell-beraten.at\/index.php\/wp-json\/wp\/v2\/pages\/273","targetHints":{"allow":["GET"]}}],"collection":[{"href":"https:\/\/www.individuell-beraten.at\/index.php\/wp-json\/wp\/v2\/pages"}],"about":[{"href":"https:\/\/www.individuell-beraten.at\/index.php\/wp-json\/wp\/v2\/types\/page"}],"author":[{"embeddable":true,"href":"https:\/\/www.individuell-beraten.at\/index.php\/wp-json\/wp\/v2\/users\/2"}],"replies":[{"embeddable":true,"href":"https:\/\/www.individuell-beraten.at\/index.php\/wp-json\/wp\/v2\/comments?post=273"}],"version-history":[{"count":40,"href":"https:\/\/www.individuell-beraten.at\/index.php\/wp-json\/wp\/v2\/pages\/273\/revisions"}],"predecessor-version":[{"id":720,"href":"https:\/\/www.individuell-beraten.at\/index.php\/wp-json\/wp\/v2\/pages\/273\/revisions\/720"}],"wp:attachment":[{"href":"https:\/\/www.individuell-beraten.at\/index.php\/wp-json\/wp\/v2\/media?parent=273"}],"curies":[{"name":"wp","href":"https:\/\/api.w.org\/{rel}","templated":true}]}}