{"id":146,"date":"2018-09-29T11:58:29","date_gmt":"2018-09-29T11:58:29","guid":{"rendered":"https:\/\/www.individuell-beraten.at\/index.php\/home-elementor\/"},"modified":"2024-11-21T10:33:39","modified_gmt":"2024-11-21T09:33:39","slug":"home-elementor","status":"publish","type":"page","link":"https:\/\/www.individuell-beraten.at\/","title":{"rendered":"Startseite"},"content":{"rendered":"\t\t<div data-elementor-type=\"wp-post\" data-elementor-id=\"146\" class=\"elementor elementor-146\">\n\t\t\t\t\t\t<section class=\"elementor-section elementor-top-section elementor-element elementor-element-a2cf800 elementor-section-boxed elementor-section-height-default elementor-section-height-default\" data-id=\"a2cf800\" data-element_type=\"section\">\n\t\t\t\t\t\t<div class=\"elementor-container elementor-column-gap-default\">\n\t\t\t\t\t<div class=\"aux-parallax-section elementor-column elementor-col-100 elementor-top-column elementor-element elementor-element-9bfc34b\" data-id=\"9bfc34b\" data-element_type=\"column\">\n\t\t\t<div class=\"elementor-widget-wrap elementor-element-populated\">\n\t\t\t\t\t\t<div class=\"elementor-element elementor-element-c2ad0be elementor-widget elementor-widget-image\" data-id=\"c2ad0be\" data-element_type=\"widget\" data-widget_type=\"image.default\">\n\t\t\t\t<div class=\"elementor-widget-container\">\n\t\t\t\t\t\t\t\t\t\t\t\t\t\t\t<img decoding=\"async\" src=\"https:\/\/www.individuell-beraten.at\/wp-content\/uploads\/elementor\/thumbs\/Homepage_Original-scaled-ovcfyhangemmodz4fokulofak3d38990iceudifjug.jpeg\" title=\"Gl\u00fccklich aus der Masse hervorstechen\" alt=\"Gl\u00fccklich aus der Masse hervorstechen\" loading=\"lazy\" \/>\t\t\t\t\t\t\t\t\t\t\t\t\t\t\t<\/div>\n\t\t\t\t<\/div>\n\t\t\t\t\t<\/div>\n\t\t<\/div>\n\t\t\t\t\t<\/div>\n\t\t<\/section>\n\t\t\t\t<section class=\"elementor-section elementor-top-section elementor-element elementor-element-d2a7b2d elementor-section-boxed elementor-section-height-default elementor-section-height-default\" data-id=\"d2a7b2d\" data-element_type=\"section\">\n\t\t\t\t\t\t<div class=\"elementor-container elementor-column-gap-default\">\n\t\t\t\t\t<div class=\"aux-parallax-section elementor-column elementor-col-100 elementor-top-column elementor-element elementor-element-f63cf71\" data-id=\"f63cf71\" data-element_type=\"column\">\n\t\t\t<div class=\"elementor-widget-wrap elementor-element-populated\">\n\t\t\t\t\t\t<div class=\"elementor-element elementor-element-46b932c elementor-widget elementor-widget-aux_modern_heading\" data-id=\"46b932c\" data-element_type=\"widget\" data-widget_type=\"aux_modern_heading.default\">\n\t\t\t\t<div class=\"elementor-widget-container\">\n\t\t\t\t\t<section class=\"aux-widget-modern-heading\">\n            <div class=\"aux-widget-inner\"><h2 class=\"aux-modern-heading-primary\">Unternehmensentwicklung hei\u00dft Ver\u00e4nderung<\/h2><div class=\"aux-modern-heading-divider\"><\/div><\/div>\n        <\/section>\t\t\t\t<\/div>\n\t\t\t\t<\/div>\n\t\t\t\t\t<\/div>\n\t\t<\/div>\n\t\t\t\t\t<\/div>\n\t\t<\/section>\n\t\t\t\t<section class=\"elementor-section elementor-top-section elementor-element elementor-element-8dafe67 elementor-section-boxed elementor-section-height-default elementor-section-height-default\" data-id=\"8dafe67\" data-element_type=\"section\">\n\t\t\t\t\t\t<div class=\"elementor-container elementor-column-gap-default\">\n\t\t\t\t\t<div class=\"aux-parallax-section elementor-column elementor-col-100 elementor-top-column elementor-element elementor-element-a4d556d\" data-id=\"a4d556d\" data-element_type=\"column\">\n\t\t\t<div class=\"elementor-widget-wrap elementor-element-populated\">\n\t\t\t\t\t\t<div class=\"elementor-element elementor-element-7360deb elementor-widget elementor-widget-text-editor\" data-id=\"7360deb\" data-element_type=\"widget\" data-widget_type=\"text-editor.default\">\n\t\t\t\t<div class=\"elementor-widget-container\">\n\t\t\t\t\t\t\t\t\t<p>Ihr Unternehmen soll sich erfolgreich weiterentwickeln? Lassen Sie uns gerne dar\u00fcber sprechen.<\/p><p>Wenn Menschen das Gef\u00fchl bekommen, durch Entwicklung erfolgreicher sein zu k\u00f6nnen, dann sinkt der Widerstand gegen\u00fcber der Ver\u00e4nderung.<\/p><p><span style=\"font-size: 16.0016px;\">Wer\u00a0<\/span><span style=\"font-size: 16.0016px;\">Ver\u00e4nderung als Chance<\/span><span style=\"font-size: 16.0016px;\">\u00a0begreift, muss mit den Beteiligten \u00fcber sie reden.\u00a0<\/span><span style=\"font-size: 16.0016px;\">Authentischer Dialog sowie Transparenz spielen dabei eine gro\u00dfe Rolle.\u00a0<\/span><\/p><p><span style=\"font-size: 16.0016px;\">Gute Kommunikation f\u00fchrt zusammen<\/span><span style=\"font-size: 16.0016px; font-weight: 600;\">,\u00a0<\/span><span style=\"font-size: 16.0016px;\">erzeugt selbst in unruhigen Zeiten Verst\u00e4ndnis und schafft die Basis f\u00fcr erfolgreiche Zusammenarbeit.\u00a0<\/span><\/p><p>Neben\u00a0umfassender und zielgerichteter Organisationsberatung\u00a0\u00fcbernehme ich\u00a0strategische Konzeptionen f\u00fcr die Unternehmenswicklung, gebe individuelle Impulse und begleite Ma\u00dfnahmen sowie\u00a0Ver\u00e4nderungsprozesse in Unternehmen bis zum Ziel. Unser Erfolg ist Ihr Erfolg.<\/p>\t\t\t\t\t\t\t\t<\/div>\n\t\t\t\t<\/div>\n\t\t\t\t\t<\/div>\n\t\t<\/div>\n\t\t\t\t\t<\/div>\n\t\t<\/section>\n\t\t\t\t<\/div>\n\t\t","protected":false},"excerpt":{"rendered":"<p>Unternehmensentwicklung hei\u00dft Ver\u00e4nderung Ihr Unternehmen soll sich erfolgreich weiterentwickeln? Lassen Sie uns gerne dar\u00fcber sprechen. Neben umfassender und zielgerichteter Organisationsberatung \/ Design Thinking \u00fcbernehme ich strategische Konzeptionen f\u00fcr die Unternehmenswicklung sowie Nachhaltigkeitsmanagement und begleite gerne die Ma\u00dfnahmen\u00a0 im Unternehmen bis zum Ziel. Unser Erfolg ist Ihr Erfolg.<\/p>\n","protected":false},"author":2,"featured_media":0,"parent":0,"menu_order":0,"comment_status":"closed","ping_status":"closed","template":"","meta":{"footnotes":""},"class_list":["post-146","page","type-page","status-publish","hentry"],"yoast_head":"<!-- This site is optimized with the Yoast SEO plugin v26.7 - https:\/\/yoast.com\/wordpress\/plugins\/seo\/ -->\n<title>Startseite - Individuell beraten<\/title>\n<meta name=\"robots\" content=\"index, follow, max-snippet:-1, max-image-preview:large, max-video-preview:-1\" \/>\n<link rel=\"canonical\" href=\"https:\/\/www.individuell-beraten.at\/\" \/>\n<meta property=\"og:locale\" content=\"de_DE\" \/>\n<meta property=\"og:type\" content=\"article\" \/>\n<meta property=\"og:title\" content=\"Startseite - Individuell beraten\" \/>\n<meta property=\"og:description\" content=\"Unternehmensentwicklung hei\u00dft Ver\u00e4nderung Ihr Unternehmen soll sich erfolgreich weiterentwickeln? Lassen Sie uns gerne dar\u00fcber sprechen. Neben umfassender und zielgerichteter Organisationsberatung \/ Design Thinking \u00fcbernehme ich strategische Konzeptionen f\u00fcr die Unternehmenswicklung sowie Nachhaltigkeitsmanagement und begleite gerne die Ma\u00dfnahmen\u00a0 im Unternehmen bis zum Ziel. Unser Erfolg ist Ihr Erfolg.\" \/>\n<meta property=\"og:url\" content=\"https:\/\/www.individuell-beraten.at\/\" \/>\n<meta property=\"og:site_name\" content=\"Individuell beraten\" \/>\n<meta property=\"article:modified_time\" content=\"2024-11-21T09:33:39+00:00\" \/>\n<meta property=\"og:image\" content=\"https:\/\/www.individuell-beraten.at\/wp-content\/uploads\/elementor\/thumbs\/Homepage_Original-scaled-oudi4v2p71iaqa1u9yd4pu4k7wovzvd9v5c6ybxqns.jpeg\" \/>\n<meta name=\"twitter:card\" content=\"summary_large_image\" \/>\n<meta name=\"twitter:label1\" content=\"Gesch\u00e4tzte Lesezeit\" \/>\n\t<meta name=\"twitter:data1\" content=\"1\u00a0Minute\" \/>\n<script type=\"application\/ld+json\" class=\"yoast-schema-graph\">{\"@context\":\"https:\/\/schema.org\",\"@graph\":[{\"@type\":\"WebPage\",\"@id\":\"https:\/\/www.individuell-beraten.at\/\",\"url\":\"https:\/\/www.individuell-beraten.at\/\",\"name\":\"Startseite - Individuell beraten\",\"isPartOf\":{\"@id\":\"https:\/\/www.individuell-beraten.at\/#website\"},\"primaryImageOfPage\":{\"@id\":\"https:\/\/www.individuell-beraten.at\/#primaryimage\"},\"image\":{\"@id\":\"https:\/\/www.individuell-beraten.at\/#primaryimage\"},\"thumbnailUrl\":\"https:\/\/www.individuell-beraten.at\/wp-content\/uploads\/elementor\/thumbs\/Homepage_Original-scaled-oudi4v2p71iaqa1u9yd4pu4k7wovzvd9v5c6ybxqns.jpeg\",\"datePublished\":\"2018-09-29T11:58:29+00:00\",\"dateModified\":\"2024-11-21T09:33:39+00:00\",\"breadcrumb\":{\"@id\":\"https:\/\/www.individuell-beraten.at\/#breadcrumb\"},\"inLanguage\":\"de\",\"potentialAction\":[{\"@type\":\"ReadAction\",\"target\":[\"https:\/\/www.individuell-beraten.at\/\"]}]},{\"@type\":\"ImageObject\",\"inLanguage\":\"de\",\"@id\":\"https:\/\/www.individuell-beraten.at\/#primaryimage\",\"url\":\"https:\/\/www.individuell-beraten.at\/wp-content\/uploads\/elementor\/thumbs\/Homepage_Original-scaled-oudi4v2p71iaqa1u9yd4pu4k7wovzvd9v5c6ybxqns.jpeg\",\"contentUrl\":\"https:\/\/www.individuell-beraten.at\/wp-content\/uploads\/elementor\/thumbs\/Homepage_Original-scaled-oudi4v2p71iaqa1u9yd4pu4k7wovzvd9v5c6ybxqns.jpeg\"},{\"@type\":\"BreadcrumbList\",\"@id\":\"https:\/\/www.individuell-beraten.at\/#breadcrumb\",\"itemListElement\":[{\"@type\":\"ListItem\",\"position\":1,\"name\":\"Home\",\"item\":\"https:\/\/www.individuell-beraten.at\/\"},{\"@type\":\"ListItem\",\"position\":2,\"name\":\"Startseite\"}]},{\"@type\":\"WebSite\",\"@id\":\"https:\/\/www.individuell-beraten.at\/#website\",\"url\":\"https:\/\/www.individuell-beraten.at\/\",\"name\":\"Individuell beraten\",\"description\":\"B\u00fcro f\u00fcr Kommunikation und Unternehmensentwicklung\",\"publisher\":{\"@id\":\"https:\/\/www.individuell-beraten.at\/#organization\"},\"potentialAction\":[{\"@type\":\"SearchAction\",\"target\":{\"@type\":\"EntryPoint\",\"urlTemplate\":\"https:\/\/www.individuell-beraten.at\/?s={search_term_string}\"},\"query-input\":{\"@type\":\"PropertyValueSpecification\",\"valueRequired\":true,\"valueName\":\"search_term_string\"}}],\"inLanguage\":\"de\"},{\"@type\":\"Organization\",\"@id\":\"https:\/\/www.individuell-beraten.at\/#organization\",\"name\":\"Individuell beraten\",\"url\":\"https:\/\/www.individuell-beraten.at\/\",\"logo\":{\"@type\":\"ImageObject\",\"inLanguage\":\"de\",\"@id\":\"https:\/\/www.individuell-beraten.at\/#\/schema\/logo\/image\/\",\"url\":\"https:\/\/www.individuell-beraten.at\/wp-content\/uploads\/2020\/08\/logo_AD.png\",\"contentUrl\":\"https:\/\/www.individuell-beraten.at\/wp-content\/uploads\/2020\/08\/logo_AD.png\",\"width\":500,\"height\":89,\"caption\":\"Individuell beraten\"},\"image\":{\"@id\":\"https:\/\/www.individuell-beraten.at\/#\/schema\/logo\/image\/\"}}]}<\/script>\n<!-- \/ Yoast SEO plugin. -->","yoast_head_json":{"title":"Startseite - Individuell beraten","robots":{"index":"index","follow":"follow","max-snippet":"max-snippet:-1","max-image-preview":"max-image-preview:large","max-video-preview":"max-video-preview:-1"},"canonical":"https:\/\/www.individuell-beraten.at\/","og_locale":"de_DE","og_type":"article","og_title":"Startseite - Individuell beraten","og_description":"Unternehmensentwicklung hei\u00dft Ver\u00e4nderung Ihr Unternehmen soll sich erfolgreich weiterentwickeln? Lassen Sie uns gerne dar\u00fcber sprechen. Neben umfassender und zielgerichteter Organisationsberatung \/ Design Thinking \u00fcbernehme ich strategische Konzeptionen f\u00fcr die Unternehmenswicklung sowie Nachhaltigkeitsmanagement und begleite gerne die Ma\u00dfnahmen\u00a0 im Unternehmen bis zum Ziel. Unser Erfolg ist Ihr Erfolg.","og_url":"https:\/\/www.individuell-beraten.at\/","og_site_name":"Individuell beraten","article_modified_time":"2024-11-21T09:33:39+00:00","og_image":[{"url":"https:\/\/www.individuell-beraten.at\/wp-content\/uploads\/elementor\/thumbs\/Homepage_Original-scaled-oudi4v2p71iaqa1u9yd4pu4k7wovzvd9v5c6ybxqns.jpeg","type":"","width":"","height":""}],"twitter_card":"summary_large_image","twitter_misc":{"Gesch\u00e4tzte Lesezeit":"1\u00a0Minute"},"schema":{"@context":"https:\/\/schema.org","@graph":[{"@type":"WebPage","@id":"https:\/\/www.individuell-beraten.at\/","url":"https:\/\/www.individuell-beraten.at\/","name":"Startseite - Individuell beraten","isPartOf":{"@id":"https:\/\/www.individuell-beraten.at\/#website"},"primaryImageOfPage":{"@id":"https:\/\/www.individuell-beraten.at\/#primaryimage"},"image":{"@id":"https:\/\/www.individuell-beraten.at\/#primaryimage"},"thumbnailUrl":"https:\/\/www.individuell-beraten.at\/wp-content\/uploads\/elementor\/thumbs\/Homepage_Original-scaled-oudi4v2p71iaqa1u9yd4pu4k7wovzvd9v5c6ybxqns.jpeg","datePublished":"2018-09-29T11:58:29+00:00","dateModified":"2024-11-21T09:33:39+00:00","breadcrumb":{"@id":"https:\/\/www.individuell-beraten.at\/#breadcrumb"},"inLanguage":"de","potentialAction":[{"@type":"ReadAction","target":["https:\/\/www.individuell-beraten.at\/"]}]},{"@type":"ImageObject","inLanguage":"de","@id":"https:\/\/www.individuell-beraten.at\/#primaryimage","url":"https:\/\/www.individuell-beraten.at\/wp-content\/uploads\/elementor\/thumbs\/Homepage_Original-scaled-oudi4v2p71iaqa1u9yd4pu4k7wovzvd9v5c6ybxqns.jpeg","contentUrl":"https:\/\/www.individuell-beraten.at\/wp-content\/uploads\/elementor\/thumbs\/Homepage_Original-scaled-oudi4v2p71iaqa1u9yd4pu4k7wovzvd9v5c6ybxqns.jpeg"},{"@type":"BreadcrumbList","@id":"https:\/\/www.individuell-beraten.at\/#breadcrumb","itemListElement":[{"@type":"ListItem","position":1,"name":"Home","item":"https:\/\/www.individuell-beraten.at\/"},{"@type":"ListItem","position":2,"name":"Startseite"}]},{"@type":"WebSite","@id":"https:\/\/www.individuell-beraten.at\/#website","url":"https:\/\/www.individuell-beraten.at\/","name":"Individuell beraten","description":"B\u00fcro f\u00fcr Kommunikation und Unternehmensentwicklung","publisher":{"@id":"https:\/\/www.individuell-beraten.at\/#organization"},"potentialAction":[{"@type":"SearchAction","target":{"@type":"EntryPoint","urlTemplate":"https:\/\/www.individuell-beraten.at\/?s={search_term_string}"},"query-input":{"@type":"PropertyValueSpecification","valueRequired":true,"valueName":"search_term_string"}}],"inLanguage":"de"},{"@type":"Organization","@id":"https:\/\/www.individuell-beraten.at\/#organization","name":"Individuell beraten","url":"https:\/\/www.individuell-beraten.at\/","logo":{"@type":"ImageObject","inLanguage":"de","@id":"https:\/\/www.individuell-beraten.at\/#\/schema\/logo\/image\/","url":"https:\/\/www.individuell-beraten.at\/wp-content\/uploads\/2020\/08\/logo_AD.png","contentUrl":"https:\/\/www.individuell-beraten.at\/wp-content\/uploads\/2020\/08\/logo_AD.png","width":500,"height":89,"caption":"Individuell beraten"},"image":{"@id":"https:\/\/www.individuell-beraten.at\/#\/schema\/logo\/image\/"}}]}},"jetpack_sharing_enabled":true,"_links":{"self":[{"href":"https:\/\/www.individuell-beraten.at\/index.php\/wp-json\/wp\/v2\/pages\/146","targetHints":{"allow":["GET"]}}],"collection":[{"href":"https:\/\/www.individuell-beraten.at\/index.php\/wp-json\/wp\/v2\/pages"}],"about":[{"href":"https:\/\/www.individuell-beraten.at\/index.php\/wp-json\/wp\/v2\/types\/page"}],"author":[{"embeddable":true,"href":"https:\/\/www.individuell-beraten.at\/index.php\/wp-json\/wp\/v2\/users\/2"}],"replies":[{"embeddable":true,"href":"https:\/\/www.individuell-beraten.at\/index.php\/wp-json\/wp\/v2\/comments?post=146"}],"version-history":[{"count":29,"href":"https:\/\/www.individuell-beraten.at\/index.php\/wp-json\/wp\/v2\/pages\/146\/revisions"}],"predecessor-version":[{"id":717,"href":"https:\/\/www.individuell-beraten.at\/index.php\/wp-json\/wp\/v2\/pages\/146\/revisions\/717"}],"wp:attachment":[{"href":"https:\/\/www.individuell-beraten.at\/index.php\/wp-json\/wp\/v2\/media?parent=146"}],"curies":[{"name":"wp","href":"https:\/\/api.w.org\/{rel}","templated":true}]}}